{"id":234,"date":"2017-11-22T11:41:49","date_gmt":"2017-11-22T10:41:49","guid":{"rendered":"http:\/\/www.annelooss.de\/cms2\/?page_id=234"},"modified":"2021-12-15T11:10:46","modified_gmt":"2021-12-15T10:10:46","slug":"kontakt","status":"publish","type":"page","link":"http:\/\/www.annelooss.de\/cms2\/kontakt\/","title":{"rendered":"Kontakt"},"content":{"rendered":"<p style=\"text-align: center;\">Annekatrin Looss<br \/>\nwww.annelooss.de<\/p>\n<p style=\"text-align: center;\">c\/o GLUT Berlin<br \/>\nStra\u00dfburger Stra\u00dfe 55<br \/>\n10405 Berlin<\/p>\n<p style=\"text-align: center;\">Tel: +49 (0) 177 4004473<br \/>\nE-Mail: annelooss posteo . de<\/p>\n<h6 style=\"text-align: center;\"><a href=\"http:\/\/www.annelooss.de\/cms2\/datenschutzerklaerung\/\">Datenschutzerkl\u00e4rung<\/a><\/h6>\n<h6 style=\"text-align: center;\">Technische Umsetzung: <a href=\"https:\/\/www.xing.com\/profile\/Alexander_Fiebrandt\" target=\"_blank\" rel=\"noopener noreferrer\">Alexander Fiebrandt, Frankfurt<\/a><\/h6>\n","protected":false},"excerpt":{"rendered":"<p>Annekatrin Looss www.annelooss.de c\/o GLUT Berlin Stra\u00dfburger Stra\u00dfe 55 10405 Berlin Tel: +49 (0) 177 4004473 E-Mail: annelooss posteo . de Datenschutzerkl\u00e4rung Technische Umsetzung: Alexander Fiebrandt, Frankfurt<\/p>\n","protected":false},"author":1,"featured_media":0,"parent":0,"menu_order":0,"comment_status":"closed","ping_status":"closed","template":"fullwidth.php","meta":[],"yoast_head":"<!-- This site is optimized with the Yoast SEO plugin v17.4 - https:\/\/yoast.com\/wordpress\/plugins\/seo\/ -->\n<title>Kakao, Gemeinschaft, Zukunft gestalten | Annekatrin Looss<\/title>\n<meta name=\"description\" content=\"Ich schreibe Reportagen, Features und Portr\u00e4ts aus den Themenbereichen \u201eKakao\u201c, \u201eLeben in Gemeinschaft\u201c und \u201eneue Wege gehen\u201c.\" \/>\n<meta name=\"robots\" content=\"index, follow, max-snippet:-1, max-image-preview:large, max-video-preview:-1\" \/>\n<link rel=\"canonical\" href=\"http:\/\/www.annelooss.de\/cms2\/kontakt\/\" \/>\n<meta property=\"og:locale\" content=\"de_DE\" \/>\n<meta property=\"og:type\" content=\"article\" \/>\n<meta property=\"og:title\" content=\"Kakao, Gemeinschaft, Zukunft gestalten | Annekatrin Looss\" \/>\n<meta property=\"og:description\" content=\"Ich schreibe Reportagen, Features und Portr\u00e4ts aus den Themenbereichen \u201eKakao\u201c, \u201eLeben in Gemeinschaft\u201c und \u201eneue Wege gehen\u201c.\" \/>\n<meta property=\"og:url\" content=\"http:\/\/www.annelooss.de\/cms2\/kontakt\/\" \/>\n<meta property=\"og:site_name\" content=\"Annekatrin Looss\" \/>\n<meta property=\"article:modified_time\" content=\"2021-12-15T10:10:46+00:00\" \/>\n<meta name=\"twitter:card\" content=\"summary_large_image\" \/>\n<meta name=\"twitter:label1\" content=\"Gesch\u00e4tzte Lesezeit\" \/>\n\t<meta name=\"twitter:data1\" content=\"1\u00a0Minute\" \/>\n<script type=\"application\/ld+json\" class=\"yoast-schema-graph\">{\"@context\":\"https:\/\/schema.org\",\"@graph\":[{\"@type\":[\"Person\",\"Organization\"],\"@id\":\"http:\/\/www.annelooss.de\/cms2\/#\/schema\/person\/6ba06e358045c45c93605862fccd9bef\",\"name\":\"Anne Looss\",\"image\":{\"@type\":\"ImageObject\",\"@id\":\"http:\/\/www.annelooss.de\/cms2\/#personlogo\",\"inLanguage\":\"de\",\"url\":\"http:\/\/1.gravatar.com\/avatar\/7d59b1fbb186c958f18a9c2adb22fc0c?s=96&d=mm&r=g\",\"contentUrl\":\"http:\/\/1.gravatar.com\/avatar\/7d59b1fbb186c958f18a9c2adb22fc0c?s=96&d=mm&r=g\",\"caption\":\"Anne Looss\"},\"logo\":{\"@id\":\"http:\/\/www.annelooss.de\/cms2\/#personlogo\"}},{\"@type\":\"WebSite\",\"@id\":\"http:\/\/www.annelooss.de\/cms2\/#website\",\"url\":\"http:\/\/www.annelooss.de\/cms2\/\",\"name\":\"Annekatrin Looss\",\"description\":\"Journalistin \/ Autorin \/ Texterin\",\"publisher\":{\"@id\":\"http:\/\/www.annelooss.de\/cms2\/#\/schema\/person\/6ba06e358045c45c93605862fccd9bef\"},\"potentialAction\":[{\"@type\":\"SearchAction\",\"target\":{\"@type\":\"EntryPoint\",\"urlTemplate\":\"http:\/\/www.annelooss.de\/cms2\/?s={search_term_string}\"},\"query-input\":\"required name=search_term_string\"}],\"inLanguage\":\"de\"},{\"@type\":\"WebPage\",\"@id\":\"http:\/\/www.annelooss.de\/cms2\/kontakt\/#webpage\",\"url\":\"http:\/\/www.annelooss.de\/cms2\/kontakt\/\",\"name\":\"Kakao, Gemeinschaft, Zukunft gestalten | Annekatrin Looss\",\"isPartOf\":{\"@id\":\"http:\/\/www.annelooss.de\/cms2\/#website\"},\"datePublished\":\"2017-11-22T10:41:49+00:00\",\"dateModified\":\"2021-12-15T10:10:46+00:00\",\"description\":\"Ich schreibe Reportagen, Features und Portr\\u00e4ts aus den Themenbereichen \\u201eKakao\\u201c, \\u201eLeben in Gemeinschaft\\u201c und \\u201eneue Wege gehen\\u201c.\",\"breadcrumb\":{\"@id\":\"http:\/\/www.annelooss.de\/cms2\/kontakt\/#breadcrumb\"},\"inLanguage\":\"de\",\"potentialAction\":[{\"@type\":\"ReadAction\",\"target\":[\"http:\/\/www.annelooss.de\/cms2\/kontakt\/\"]}]},{\"@type\":\"BreadcrumbList\",\"@id\":\"http:\/\/www.annelooss.de\/cms2\/kontakt\/#breadcrumb\",\"itemListElement\":[{\"@type\":\"ListItem\",\"position\":1,\"name\":\"Startseite\",\"item\":\"http:\/\/www.annelooss.de\/cms2\/\"},{\"@type\":\"ListItem\",\"position\":2,\"name\":\"Kontakt\"}]}]}<\/script>\n<!-- \/ Yoast SEO plugin. -->","yoast_head_json":{"title":"Kakao, Gemeinschaft, Zukunft gestalten | Annekatrin Looss","description":"Ich schreibe Reportagen, Features und Portr\u00e4ts aus den Themenbereichen \u201eKakao\u201c, \u201eLeben in Gemeinschaft\u201c und \u201eneue Wege gehen\u201c.","robots":{"index":"index","follow":"follow","max-snippet":"max-snippet:-1","max-image-preview":"max-image-preview:large","max-video-preview":"max-video-preview:-1"},"canonical":"http:\/\/www.annelooss.de\/cms2\/kontakt\/","og_locale":"de_DE","og_type":"article","og_title":"Kakao, Gemeinschaft, Zukunft gestalten | Annekatrin Looss","og_description":"Ich schreibe Reportagen, Features und Portr\u00e4ts aus den Themenbereichen \u201eKakao\u201c, \u201eLeben in Gemeinschaft\u201c und \u201eneue Wege gehen\u201c.","og_url":"http:\/\/www.annelooss.de\/cms2\/kontakt\/","og_site_name":"Annekatrin Looss","article_modified_time":"2021-12-15T10:10:46+00:00","twitter_card":"summary_large_image","twitter_misc":{"Gesch\u00e4tzte Lesezeit":"1\u00a0Minute"},"schema":{"@context":"https:\/\/schema.org","@graph":[{"@type":["Person","Organization"],"@id":"http:\/\/www.annelooss.de\/cms2\/#\/schema\/person\/6ba06e358045c45c93605862fccd9bef","name":"Anne Looss","image":{"@type":"ImageObject","@id":"http:\/\/www.annelooss.de\/cms2\/#personlogo","inLanguage":"de","url":"http:\/\/1.gravatar.com\/avatar\/7d59b1fbb186c958f18a9c2adb22fc0c?s=96&d=mm&r=g","contentUrl":"http:\/\/1.gravatar.com\/avatar\/7d59b1fbb186c958f18a9c2adb22fc0c?s=96&d=mm&r=g","caption":"Anne Looss"},"logo":{"@id":"http:\/\/www.annelooss.de\/cms2\/#personlogo"}},{"@type":"WebSite","@id":"http:\/\/www.annelooss.de\/cms2\/#website","url":"http:\/\/www.annelooss.de\/cms2\/","name":"Annekatrin Looss","description":"Journalistin \/ Autorin \/ Texterin","publisher":{"@id":"http:\/\/www.annelooss.de\/cms2\/#\/schema\/person\/6ba06e358045c45c93605862fccd9bef"},"potentialAction":[{"@type":"SearchAction","target":{"@type":"EntryPoint","urlTemplate":"http:\/\/www.annelooss.de\/cms2\/?s={search_term_string}"},"query-input":"required name=search_term_string"}],"inLanguage":"de"},{"@type":"WebPage","@id":"http:\/\/www.annelooss.de\/cms2\/kontakt\/#webpage","url":"http:\/\/www.annelooss.de\/cms2\/kontakt\/","name":"Kakao, Gemeinschaft, Zukunft gestalten | Annekatrin Looss","isPartOf":{"@id":"http:\/\/www.annelooss.de\/cms2\/#website"},"datePublished":"2017-11-22T10:41:49+00:00","dateModified":"2021-12-15T10:10:46+00:00","description":"Ich schreibe Reportagen, Features und Portr\u00e4ts aus den Themenbereichen \u201eKakao\u201c, \u201eLeben in Gemeinschaft\u201c und \u201eneue Wege gehen\u201c.","breadcrumb":{"@id":"http:\/\/www.annelooss.de\/cms2\/kontakt\/#breadcrumb"},"inLanguage":"de","potentialAction":[{"@type":"ReadAction","target":["http:\/\/www.annelooss.de\/cms2\/kontakt\/"]}]},{"@type":"BreadcrumbList","@id":"http:\/\/www.annelooss.de\/cms2\/kontakt\/#breadcrumb","itemListElement":[{"@type":"ListItem","position":1,"name":"Startseite","item":"http:\/\/www.annelooss.de\/cms2\/"},{"@type":"ListItem","position":2,"name":"Kontakt"}]}]}},"_links":{"self":[{"href":"http:\/\/www.annelooss.de\/cms2\/wp-json\/wp\/v2\/pages\/234"}],"collection":[{"href":"http:\/\/www.annelooss.de\/cms2\/wp-json\/wp\/v2\/pages"}],"about":[{"href":"http:\/\/www.annelooss.de\/cms2\/wp-json\/wp\/v2\/types\/page"}],"author":[{"embeddable":true,"href":"http:\/\/www.annelooss.de\/cms2\/wp-json\/wp\/v2\/users\/1"}],"replies":[{"embeddable":true,"href":"http:\/\/www.annelooss.de\/cms2\/wp-json\/wp\/v2\/comments?post=234"}],"version-history":[{"count":30,"href":"http:\/\/www.annelooss.de\/cms2\/wp-json\/wp\/v2\/pages\/234\/revisions"}],"predecessor-version":[{"id":402,"href":"http:\/\/www.annelooss.de\/cms2\/wp-json\/wp\/v2\/pages\/234\/revisions\/402"}],"wp:attachment":[{"href":"http:\/\/www.annelooss.de\/cms2\/wp-json\/wp\/v2\/media?parent=234"}],"curies":[{"name":"wp","href":"https:\/\/api.w.org\/{rel}","templated":true}]}}