{"id":135,"date":"2017-11-21T23:04:56","date_gmt":"2017-11-21T22:04:56","guid":{"rendered":"http:\/\/www.annelooss.de\/cms2\/?page_id=135"},"modified":"2017-11-23T23:53:42","modified_gmt":"2017-11-23T22:53:42","slug":"texte","status":"publish","type":"page","link":"http:\/\/www.annelooss.de\/cms2\/texte\/","title":{"rendered":"Texte"},"content":{"rendered":"<h1>Bittere Schokolade<\/h1>\n<figure id=\"attachment_256\" aria-describedby=\"caption-attachment-256\" style=\"width: 150px\" class=\"wp-caption alignleft\"><img loading=\"lazy\" class=\"wp-image-256 size-full\" src=\"http:\/\/www.annelooss.de\/cms2\/wp-content\/uploads\/text_thumb_kakao_bitter.jpg\" alt=\"\" width=\"150\" height=\"105\" \/><figcaption id=\"caption-attachment-256\" class=\"wp-caption-text\">ENORM Magazin<\/figcaption><\/figure>\n<div class=\"page\" title=\"Page 1\">\n<div class=\"layoutArea\">\n<div class=\"column\">\n<p>Der Schokoladenindustrie geht der Rohstoff aus. Das System der Ausbeutung der Bauern und Bo\u0308den funktioniert nicht mehr. Deshalb hat die Branche begonnen umzudenken.<\/p>\n<p><a href=\"http:\/\/www.annelooss.de\/cms2\/wp-content\/uploads\/AnneLooss_Arbeitsprobe_Kakao_Bitter.pdf\" target=\"_blank\" rel=\"noopener\">PDF<\/a><\/p>\n<\/div>\n<\/div>\n<\/div>\n<h1>Belugawale: Schaulaufen im Eismeer<\/h1>\n<figure id=\"attachment_107\" aria-describedby=\"caption-attachment-107\" style=\"width: 150px\" class=\"wp-caption alignleft\"><img loading=\"lazy\" class=\"wp-image-107 size-full\" src=\"http:\/\/www.annelooss.de\/cms2\/wp-content\/uploads\/2017\/11\/124-131-beluga1.gif\" alt=\"\" width=\"150\" height=\"100\" \/><figcaption id=\"caption-attachment-107\" class=\"wp-caption-text\">MARE und Spiegel Online<\/figcaption><\/figure>\n<p>Sie sind makellos wei\u00df, pfeifen und wiehern &#8211; und haben ein perfektes Navigationssystem. Belugas geh\u00f6ren zu den Lieblingen der Waltouristen. Doch die Tiere leiden unter Umweltverschmutzung und Walfang. Und den Forschern geben sie noch viele R\u00e4tsel auf.<\/p>\n<p><a href=\"http:\/\/www.annelooss.de\/cms2\/wp-content\/uploads\/2017\/11\/124-131_beluga.pdf\" target=\"_blank\" rel=\"noopener\">PDF<\/a> <a href=\"http:\/\/www.spiegel.de\/wissenschaft\/natur\/belugawale-schaulaufen-im-eismeer-a-716446.html\" target=\"_blank\" rel=\"noopener\">Link<\/a><\/p>\n<h1>China in Berlin<\/h1>\n<figure id=\"attachment_309\" aria-describedby=\"caption-attachment-309\" style=\"width: 150px\" class=\"wp-caption alignleft\"><img loading=\"lazy\" class=\"wp-image-309 size-full\" src=\"http:\/\/www.annelooss.de\/cms2\/wp-content\/uploads\/text_thumb_chinainberlin.jpg\" alt=\"\" width=\"150\" height=\"141\" \/><figcaption id=\"caption-attachment-309\" class=\"wp-caption-text\">BAHN Magazin<\/figcaption><\/figure>\n<p>Entdecken Sie die ganze Welt \u2013 in Deutschland! Vier spannende St\u00e4dte pr\u00e4sentieren sich Ihnen von ihrer exotischen Seite \u2013 mit vielen Tipps, wie sie Ihnen nur Eingeweihte verraten k\u00f6nnen.<\/p>\n<p><a href=\"https:\/\/herz-zu-herz.db.de\/china-in-berlin.php\" target=\"_blank\" rel=\"noopener\">Link<\/a><\/p>\n<h1>Auf Autopilot<\/h1>\n<div class=\"page\" title=\"Page 1\">\n<div class=\"layoutArea\">\n<div class=\"column\">\n<figure id=\"attachment_269\" aria-describedby=\"caption-attachment-269\" style=\"width: 150px\" class=\"wp-caption alignleft\"><img loading=\"lazy\" class=\"wp-image-269 size-full\" src=\"http:\/\/www.annelooss.de\/cms2\/wp-content\/uploads\/text_thumb_autopilot.jpg\" alt=\"\" width=\"150\" height=\"96\" \/><figcaption id=\"caption-attachment-269\" class=\"wp-caption-text\">Das Auto.\/Volkswagen<\/figcaption><\/figure>\n<div class=\"page\" title=\"Page 1\">\n<div class=\"layoutArea\">\n<div class=\"column\">\n<p>Wie fu\u0308hlt sich das an, wenn einen der Computer chauffiert, auch wenn man selbst am Lenkrad sitzt?<\/p>\n<p><a href=\"http:\/\/www.annelooss.de\/cms2\/wp-content\/uploads\/AnneLooss_Arbeitsprobe_Autonomos.pdf\" target=\"_blank\" rel=\"noopener\">PDF<\/a><\/p>\n<\/div>\n<\/div>\n<\/div>\n<\/div>\n<\/div>\n<\/div>\n<h1>Ein Geschenk der G\u00f6tter: Kakao<\/h1>\n<div class=\"page\" title=\"Page 1\">\n<div class=\"layoutArea\">\n<div class=\"column\">\n<figure id=\"attachment_257\" aria-describedby=\"caption-attachment-257\" style=\"width: 150px\" class=\"wp-caption alignleft\"><img loading=\"lazy\" class=\"wp-image-257 size-full\" src=\"http:\/\/www.annelooss.de\/cms2\/wp-content\/uploads\/text_thumb_kakao_goetter.jpg\" alt=\"\" width=\"150\" height=\"97\" \/><figcaption id=\"caption-attachment-257\" class=\"wp-caption-text\">Wunderwelt Wissen Magazin<\/figcaption><\/figure>\n<p>Die steile Karriere einer mandelgro\u00dfen Bohne vom primitiven Zahlungsmittel u\u0308ber bittere Medizin und Liebestrank zum su\u0308\u00dfen Trostspender in allen Lebenslagen<\/p>\n<p><a href=\"http:\/\/www.annelooss.de\/cms2\/wp-content\/uploads\/AnneLooss_Arbeitsprobe_Kakao_Goetter.pdf\" target=\"_blank\" rel=\"noopener\">PDF<\/a><\/p>\n<\/div>\n<\/div>\n<\/div>\n<div class=\"page\" title=\"Page 1\">\n<div class=\"layoutArea\">\n<div class=\"column\">\n<h1>Das Schweigen der Steine<\/h1>\n<\/div>\n<\/div>\n<\/div>\n<figure id=\"attachment_271\" aria-describedby=\"caption-attachment-271\" style=\"width: 150px\" class=\"wp-caption alignleft\"><img loading=\"lazy\" class=\"wp-image-271 size-full\" src=\"http:\/\/www.annelooss.de\/cms2\/wp-content\/uploads\/text_thumb_osterinsel.jpg\" alt=\"\" width=\"150\" height=\"212\" \/><figcaption id=\"caption-attachment-271\" class=\"wp-caption-text\">Welt am Sonntag<\/figcaption><\/figure>\n<div class=\"page\" title=\"Page 1\">\n<div class=\"layoutArea\">\n<div class=\"column\">\n<p>Graues Gras, geheimnisvolle Giganten \u2013 das ist die Osterinsel. Sie gilt als der entlegenste Ort der Welt, stellt viele Fragen und bietet wenige Antworten. Genau das ist ihr Reiz.<\/p>\n<p><a href=\"http:\/\/www.annelooss.de\/cms2\/wp-content\/uploads\/AnneLooss_Arbeitsprobe_Osterinsel-WamS.pdf\" target=\"_blank\" rel=\"noopener\">PDF<\/a><\/p>\n<\/div>\n<\/div>\n<\/div>\n<h1>\u00c4rzte an zwei Fronten<\/h1>\n<figure id=\"attachment_112\" aria-describedby=\"caption-attachment-112\" style=\"width: 150px\" class=\"wp-caption alignleft\"><a href=\"http:\/\/www.annelooss.de\/cms2\/wp-content\/uploads\/2017\/11\/t2310_210_213_qn_wiederherstellungschirurgie_x3.pdf\"><img loading=\"lazy\" class=\"wp-image-112 size-full\" src=\"http:\/\/www.annelooss.de\/cms2\/wp-content\/uploads\/2017\/11\/zwei-fronten.jpg\" alt=\"\" width=\"150\" height=\"191\" \/><\/a><figcaption id=\"caption-attachment-112\" class=\"wp-caption-text\">TUSH Magazine<\/figcaption><\/figure>\n<p>Im Hauptberuf sind sie Sch\u00f6nheitschirurgen, im Urlaub heilen sie Verst\u00fcmmelte und Entstellte in Afghanistan, Namibia oder Benin. Drei Berliner \u00c4rzte und Ihr Einsatz f\u00fcr die Hilfsorganisation Interplast.<\/p>\n<p><a href=\"http:\/\/www.annelooss.de\/cms2\/wp-content\/uploads\/2017\/11\/t2310_210_213_qn_wiederherstellungschirurgie_x3.pdf\" target=\"_blank\" rel=\"noopener\">PDF<\/a><\/p>\n<h1>Tour de Kuba<\/h1>\n<figure id=\"attachment_319\" aria-describedby=\"caption-attachment-319\" style=\"width: 150px\" class=\"wp-caption alignleft\"><img loading=\"lazy\" class=\"wp-image-319 size-full\" src=\"http:\/\/www.annelooss.de\/cms2\/wp-content\/uploads\/text_thumb_kuba_rad-e1511355920499.jpg\" alt=\"\" width=\"150\" height=\"156\" \/><figcaption id=\"caption-attachment-319\" class=\"wp-caption-text\">Die Welt<\/figcaption><\/figure>\n<p>Die Kubaner mu\u0308ssen, die Urlauber wollen Rad fahren: Warum die Karibik-Insel als Radreiseziel immer beliebter wird.<\/p>\n<p><a href=\"http:\/\/www.annelooss.de\/cms2\/wp-content\/uploads\/AnneLooss_Arbeitsprobe_Kuba_Rad.pdf\" target=\"_blank\" rel=\"noopener\">PDF<\/a><\/p>\n<h1>Lustobjekt auf zwei Brettern<\/h1>\n<figure id=\"attachment_272\" aria-describedby=\"caption-attachment-272\" style=\"width: 150px\" class=\"wp-caption alignleft\"><img loading=\"lazy\" class=\"wp-image-272 size-full\" src=\"http:\/\/www.annelooss.de\/cms2\/wp-content\/uploads\/text_thumb_skilehrer.jpg\" alt=\"\" width=\"150\" height=\"138\" \/><figcaption id=\"caption-attachment-272\" class=\"wp-caption-text\">Welt am Sonntag<\/figcaption><\/figure>\n<p>Frauen lieben die Schweiz, wegen der Landschaft und der hei\u00dfen Skilehrer. Jetzt wird der sch\u00f6nste gew\u00e4hlt. Eine Hymne auf den ganz besonderen Typ Mann.<\/p>\n<p><a href=\"http:\/\/www.annelooss.de\/cms2\/wp-content\/uploads\/AnneLooss_Arbeitsprobe_Skilehrer_Welt_Sonntag.pdf\" target=\"_blank\" rel=\"noopener\">PDF<\/a><\/p>\n","protected":false},"excerpt":{"rendered":"<p>Bittere Schokolade Der Schokoladenindustrie geht der Rohstoff aus. Das System der Ausbeutung der Bauern und Bo\u0308den funktioniert nicht mehr. Deshalb hat die Branche begonnen umzudenken. PDF Belugawale: Schaulaufen im Eismeer Sie sind makellos wei\u00df, pfeifen und wiehern &#8211; und haben ein perfektes Navigationssystem. Belugas geh\u00f6ren zu den Lieblingen der Waltouristen. Doch die Tiere leiden unter&#8230;<\/p>\n","protected":false},"author":1,"featured_media":0,"parent":0,"menu_order":0,"comment_status":"closed","ping_status":"closed","template":"fullwidth.php","meta":[],"yoast_head":"<!-- This site is optimized with the Yoast SEO plugin v17.4 - https:\/\/yoast.com\/wordpress\/plugins\/seo\/ -->\n<title>Texte &ndash; Annekatrin Looss<\/title>\n<meta name=\"robots\" content=\"index, follow, max-snippet:-1, max-image-preview:large, max-video-preview:-1\" \/>\n<link rel=\"canonical\" href=\"http:\/\/www.annelooss.de\/cms2\/texte\/\" \/>\n<meta property=\"og:locale\" content=\"de_DE\" \/>\n<meta property=\"og:type\" content=\"article\" \/>\n<meta property=\"og:title\" content=\"Texte &ndash; Annekatrin Looss\" \/>\n<meta property=\"og:description\" content=\"Bittere Schokolade Der Schokoladenindustrie geht der Rohstoff aus. Das System der Ausbeutung der Bauern und Bo\u0308den funktioniert nicht mehr. Deshalb hat die Branche begonnen umzudenken. PDF Belugawale: Schaulaufen im Eismeer Sie sind makellos wei\u00df, pfeifen und wiehern &#8211; und haben ein perfektes Navigationssystem. Belugas geh\u00f6ren zu den Lieblingen der Waltouristen. Doch die Tiere leiden unter...\" \/>\n<meta property=\"og:url\" content=\"http:\/\/www.annelooss.de\/cms2\/texte\/\" \/>\n<meta property=\"og:site_name\" content=\"Annekatrin Looss\" \/>\n<meta property=\"article:modified_time\" content=\"2017-11-23T22:53:42+00:00\" \/>\n<meta property=\"og:image\" content=\"http:\/\/www.annelooss.de\/cms2\/wp-content\/uploads\/text_thumb_kakao_bitter.jpg\" \/>\n<meta name=\"twitter:card\" content=\"summary_large_image\" \/>\n<meta name=\"twitter:label1\" content=\"Gesch\u00e4tzte Lesezeit\" \/>\n\t<meta name=\"twitter:data1\" content=\"2\u00a0Minuten\" \/>\n<script type=\"application\/ld+json\" class=\"yoast-schema-graph\">{\"@context\":\"https:\/\/schema.org\",\"@graph\":[{\"@type\":[\"Person\",\"Organization\"],\"@id\":\"http:\/\/www.annelooss.de\/cms2\/#\/schema\/person\/6ba06e358045c45c93605862fccd9bef\",\"name\":\"Anne Looss\",\"image\":{\"@type\":\"ImageObject\",\"@id\":\"http:\/\/www.annelooss.de\/cms2\/#personlogo\",\"inLanguage\":\"de\",\"url\":\"http:\/\/1.gravatar.com\/avatar\/7d59b1fbb186c958f18a9c2adb22fc0c?s=96&d=mm&r=g\",\"contentUrl\":\"http:\/\/1.gravatar.com\/avatar\/7d59b1fbb186c958f18a9c2adb22fc0c?s=96&d=mm&r=g\",\"caption\":\"Anne Looss\"},\"logo\":{\"@id\":\"http:\/\/www.annelooss.de\/cms2\/#personlogo\"}},{\"@type\":\"WebSite\",\"@id\":\"http:\/\/www.annelooss.de\/cms2\/#website\",\"url\":\"http:\/\/www.annelooss.de\/cms2\/\",\"name\":\"Annekatrin Looss\",\"description\":\"Journalistin \/ Autorin \/ Texterin\",\"publisher\":{\"@id\":\"http:\/\/www.annelooss.de\/cms2\/#\/schema\/person\/6ba06e358045c45c93605862fccd9bef\"},\"potentialAction\":[{\"@type\":\"SearchAction\",\"target\":{\"@type\":\"EntryPoint\",\"urlTemplate\":\"http:\/\/www.annelooss.de\/cms2\/?s={search_term_string}\"},\"query-input\":\"required name=search_term_string\"}],\"inLanguage\":\"de\"},{\"@type\":\"ImageObject\",\"@id\":\"http:\/\/www.annelooss.de\/cms2\/texte\/#primaryimage\",\"inLanguage\":\"de\",\"url\":\"http:\/\/www.annelooss.de\/cms2\/wp-content\/uploads\/text_thumb_kakao_bitter.jpg\",\"contentUrl\":\"http:\/\/www.annelooss.de\/cms2\/wp-content\/uploads\/text_thumb_kakao_bitter.jpg\",\"width\":150,\"height\":105},{\"@type\":\"WebPage\",\"@id\":\"http:\/\/www.annelooss.de\/cms2\/texte\/#webpage\",\"url\":\"http:\/\/www.annelooss.de\/cms2\/texte\/\",\"name\":\"Texte &ndash; Annekatrin Looss\",\"isPartOf\":{\"@id\":\"http:\/\/www.annelooss.de\/cms2\/#website\"},\"primaryImageOfPage\":{\"@id\":\"http:\/\/www.annelooss.de\/cms2\/texte\/#primaryimage\"},\"datePublished\":\"2017-11-21T22:04:56+00:00\",\"dateModified\":\"2017-11-23T22:53:42+00:00\",\"breadcrumb\":{\"@id\":\"http:\/\/www.annelooss.de\/cms2\/texte\/#breadcrumb\"},\"inLanguage\":\"de\",\"potentialAction\":[{\"@type\":\"ReadAction\",\"target\":[\"http:\/\/www.annelooss.de\/cms2\/texte\/\"]}]},{\"@type\":\"BreadcrumbList\",\"@id\":\"http:\/\/www.annelooss.de\/cms2\/texte\/#breadcrumb\",\"itemListElement\":[{\"@type\":\"ListItem\",\"position\":1,\"name\":\"Startseite\",\"item\":\"http:\/\/www.annelooss.de\/cms2\/\"},{\"@type\":\"ListItem\",\"position\":2,\"name\":\"Texte\"}]}]}<\/script>\n<!-- \/ Yoast SEO plugin. -->","yoast_head_json":{"title":"Texte &ndash; Annekatrin Looss","robots":{"index":"index","follow":"follow","max-snippet":"max-snippet:-1","max-image-preview":"max-image-preview:large","max-video-preview":"max-video-preview:-1"},"canonical":"http:\/\/www.annelooss.de\/cms2\/texte\/","og_locale":"de_DE","og_type":"article","og_title":"Texte &ndash; Annekatrin Looss","og_description":"Bittere Schokolade Der Schokoladenindustrie geht der Rohstoff aus. Das System der Ausbeutung der Bauern und Bo\u0308den funktioniert nicht mehr. Deshalb hat die Branche begonnen umzudenken. PDF Belugawale: Schaulaufen im Eismeer Sie sind makellos wei\u00df, pfeifen und wiehern &#8211; und haben ein perfektes Navigationssystem. Belugas geh\u00f6ren zu den Lieblingen der Waltouristen. Doch die Tiere leiden unter...","og_url":"http:\/\/www.annelooss.de\/cms2\/texte\/","og_site_name":"Annekatrin Looss","article_modified_time":"2017-11-23T22:53:42+00:00","og_image":[{"url":"http:\/\/www.annelooss.de\/cms2\/wp-content\/uploads\/text_thumb_kakao_bitter.jpg"}],"twitter_card":"summary_large_image","twitter_misc":{"Gesch\u00e4tzte Lesezeit":"2\u00a0Minuten"},"schema":{"@context":"https:\/\/schema.org","@graph":[{"@type":["Person","Organization"],"@id":"http:\/\/www.annelooss.de\/cms2\/#\/schema\/person\/6ba06e358045c45c93605862fccd9bef","name":"Anne Looss","image":{"@type":"ImageObject","@id":"http:\/\/www.annelooss.de\/cms2\/#personlogo","inLanguage":"de","url":"http:\/\/1.gravatar.com\/avatar\/7d59b1fbb186c958f18a9c2adb22fc0c?s=96&d=mm&r=g","contentUrl":"http:\/\/1.gravatar.com\/avatar\/7d59b1fbb186c958f18a9c2adb22fc0c?s=96&d=mm&r=g","caption":"Anne Looss"},"logo":{"@id":"http:\/\/www.annelooss.de\/cms2\/#personlogo"}},{"@type":"WebSite","@id":"http:\/\/www.annelooss.de\/cms2\/#website","url":"http:\/\/www.annelooss.de\/cms2\/","name":"Annekatrin Looss","description":"Journalistin \/ Autorin \/ Texterin","publisher":{"@id":"http:\/\/www.annelooss.de\/cms2\/#\/schema\/person\/6ba06e358045c45c93605862fccd9bef"},"potentialAction":[{"@type":"SearchAction","target":{"@type":"EntryPoint","urlTemplate":"http:\/\/www.annelooss.de\/cms2\/?s={search_term_string}"},"query-input":"required name=search_term_string"}],"inLanguage":"de"},{"@type":"ImageObject","@id":"http:\/\/www.annelooss.de\/cms2\/texte\/#primaryimage","inLanguage":"de","url":"http:\/\/www.annelooss.de\/cms2\/wp-content\/uploads\/text_thumb_kakao_bitter.jpg","contentUrl":"http:\/\/www.annelooss.de\/cms2\/wp-content\/uploads\/text_thumb_kakao_bitter.jpg","width":150,"height":105},{"@type":"WebPage","@id":"http:\/\/www.annelooss.de\/cms2\/texte\/#webpage","url":"http:\/\/www.annelooss.de\/cms2\/texte\/","name":"Texte &ndash; Annekatrin Looss","isPartOf":{"@id":"http:\/\/www.annelooss.de\/cms2\/#website"},"primaryImageOfPage":{"@id":"http:\/\/www.annelooss.de\/cms2\/texte\/#primaryimage"},"datePublished":"2017-11-21T22:04:56+00:00","dateModified":"2017-11-23T22:53:42+00:00","breadcrumb":{"@id":"http:\/\/www.annelooss.de\/cms2\/texte\/#breadcrumb"},"inLanguage":"de","potentialAction":[{"@type":"ReadAction","target":["http:\/\/www.annelooss.de\/cms2\/texte\/"]}]},{"@type":"BreadcrumbList","@id":"http:\/\/www.annelooss.de\/cms2\/texte\/#breadcrumb","itemListElement":[{"@type":"ListItem","position":1,"name":"Startseite","item":"http:\/\/www.annelooss.de\/cms2\/"},{"@type":"ListItem","position":2,"name":"Texte"}]}]}},"_links":{"self":[{"href":"http:\/\/www.annelooss.de\/cms2\/wp-json\/wp\/v2\/pages\/135"}],"collection":[{"href":"http:\/\/www.annelooss.de\/cms2\/wp-json\/wp\/v2\/pages"}],"about":[{"href":"http:\/\/www.annelooss.de\/cms2\/wp-json\/wp\/v2\/types\/page"}],"author":[{"embeddable":true,"href":"http:\/\/www.annelooss.de\/cms2\/wp-json\/wp\/v2\/users\/1"}],"replies":[{"embeddable":true,"href":"http:\/\/www.annelooss.de\/cms2\/wp-json\/wp\/v2\/comments?post=135"}],"version-history":[{"count":78,"href":"http:\/\/www.annelooss.de\/cms2\/wp-json\/wp\/v2\/pages\/135\/revisions"}],"predecessor-version":[{"id":341,"href":"http:\/\/www.annelooss.de\/cms2\/wp-json\/wp\/v2\/pages\/135\/revisions\/341"}],"wp:attachment":[{"href":"http:\/\/www.annelooss.de\/cms2\/wp-json\/wp\/v2\/media?parent=135"}],"curies":[{"name":"wp","href":"https:\/\/api.w.org\/{rel}","templated":true}]}}